{"id":33,"date":"2016-02-09T16:14:40","date_gmt":"2016-02-09T16:14:40","guid":{"rendered":"http:\/\/schoenaker-institut-saar.de\/?page_id=33"},"modified":"2016-02-16T14:58:25","modified_gmt":"2016-02-16T14:58:25","slug":"historie","status":"publish","type":"page","link":"https:\/\/schoenaker-institut-saar.de\/?page_id=33","title":{"rendered":"Historie"},"content":{"rendered":"<table border=\"0\" width=\"520\" cellspacing=\"0\" cellpadding=\"0\" bgcolor=\"#F5D0A3\">\n<tbody>\n<tr>\n<td><img loading=\"lazy\" decoding=\"async\" class=\"alignnone size-medium wp-image-36\" src=\"https:\/\/schoenaker-institut-saar.de\/wp-content\/uploads\/2016\/02\/Adler-214x300.jpg\" alt=\"Adler\" width=\"214\" height=\"300\" srcset=\"https:\/\/schoenaker-institut-saar.de\/wp-content\/uploads\/2016\/02\/Adler-214x300.jpg 214w, https:\/\/schoenaker-institut-saar.de\/wp-content\/uploads\/2016\/02\/Adler.jpg 250w\" sizes=\"(max-width: 214px) 85vw, 214px\" \/><\/td>\n<td>Die Individualpsychologie wurde von Prof. Dr. med. Alfred Adler (1870 &#8211; 1937) begr\u00fcndet. Adler war Augenarzt und Neurologe. Er lebte in Wien und hatte eine Professur in den USA. Er war ein Mann des Volkes und entwickelte eine allgemein g\u00fcltige Psychologie in einer Sprache, die jeder verstehen kann. Er stellt das Verst\u00e4ndnis vom Wesen des Menschen, der menschlichen Motivation und des menschlichen Verhaltens auf eine vollig neue Grundlage, die er Individualpsychologie nannte.<\/td>\n<\/tr>\n<tr>\n<td><img loading=\"lazy\" decoding=\"async\" class=\"alignnone size-medium wp-image-38\" src=\"https:\/\/schoenaker-institut-saar.de\/wp-content\/uploads\/2016\/02\/Dreikurs-215x300.jpg\" alt=\"Dreikurs\" width=\"215\" height=\"300\" srcset=\"https:\/\/schoenaker-institut-saar.de\/wp-content\/uploads\/2016\/02\/Dreikurs-215x300.jpg 215w, https:\/\/schoenaker-institut-saar.de\/wp-content\/uploads\/2016\/02\/Dreikurs.jpg 250w\" sizes=\"(max-width: 215px) 85vw, 215px\" \/><\/td>\n<td>Einer der gr\u00f6\u00dften F\u00f6rderer der Individualpsychologie war der Psychiater Prof. Dr. Rudolf Dreikurs (1897 &#8211; 1972), der einflussreichste Sch\u00fcler Alfred Adlers. Dreikurs machte die Individualpsychologie Eltern, P\u00e4dagogen, Beratern und Therapeuten zug\u00e4nglich. Er brachte in den sechziger Jahren die Individualpsychologie aus den USA zur\u00fcck nach Europa.<\/td>\n<\/tr>\n<tr>\n<td><img loading=\"lazy\" decoding=\"async\" class=\"alignnone size-medium wp-image-37\" src=\"https:\/\/schoenaker-institut-saar.de\/wp-content\/uploads\/2016\/02\/bild-3-Historie-226x300.jpg\" alt=\"bild-3-Historie\" width=\"226\" height=\"300\" srcset=\"https:\/\/schoenaker-institut-saar.de\/wp-content\/uploads\/2016\/02\/bild-3-Historie-226x300.jpg 226w, https:\/\/schoenaker-institut-saar.de\/wp-content\/uploads\/2016\/02\/bild-3-Historie.jpg 250w\" sizes=\"(max-width: 226px) 85vw, 226px\" \/><\/td>\n<td style=\"text-align: justify;\">Der Begr\u00fcnder der individualpsychologischen Sozialtherapie und Stottertherapie f\u00fcr Erwachsene ist Theo Schoenaker, bedeutender Sch\u00fcler von R. Dreikurs, Individualpsychologe und Logop\u00e4de, hat den theoretischen Weg der Individualpsychologie mit praktischen F\u00fc\u00dfen begehbar gemacht. Diese Konzepte werden europaweit erfolgreich praktiziert. Er ist Tr\u00e4ger des Turmac-Liemers-Preises f\u00fcr soziale Verdienste, und erfolgreicher Autor. Mit seiner Frau Julitta hat er die Institutsarbeit heute im &#8222;Schoenaker-Concept&#8220; zusammengefasst. Individualpsychologische Psychotherapie, Beratung und Ausbildung werden in Genemuiden\/Niederlande praktiziert. Das Schoenaker-Institut\u00ae Saar, in Illingen, das von Kornelia Neuhaus geleitet wird, ist der Institutsarbeit in den Niederlanden angeschlossen. Auch hier wird individualpsychologische Psychotherapie, Beratung, Encouraging-Training, Synchronizing &#8211; Coaching und Ausbildung angeboten.<\/td>\n<\/tr>\n<\/tbody>\n<\/table>\n","protected":false},"excerpt":{"rendered":"<p>Die Individualpsychologie wurde von Prof. Dr. med. Alfred Adler (1870 &#8211; 1937) begr\u00fcndet. Adler war Augenarzt und Neurologe. Er lebte in Wien und hatte eine Professur in den USA. Er war ein Mann des Volkes und entwickelte eine allgemein g\u00fcltige Psychologie in einer Sprache, die jeder verstehen kann. Er stellt das Verst\u00e4ndnis vom Wesen des &hellip; <a href=\"https:\/\/schoenaker-institut-saar.de\/?page_id=33\" class=\"more-link\"><span class=\"screen-reader-text\">\u201eHistorie\u201c<\/span> weiterlesen<\/a><\/p>\n","protected":false},"author":1,"featured_media":0,"parent":0,"menu_order":0,"comment_status":"closed","ping_status":"closed","template":"","meta":{"footnotes":""},"_links":{"self":[{"href":"https:\/\/schoenaker-institut-saar.de\/index.php?rest_route=\/wp\/v2\/pages\/33"}],"collection":[{"href":"https:\/\/schoenaker-institut-saar.de\/index.php?rest_route=\/wp\/v2\/pages"}],"about":[{"href":"https:\/\/schoenaker-institut-saar.de\/index.php?rest_route=\/wp\/v2\/types\/page"}],"author":[{"embeddable":true,"href":"https:\/\/schoenaker-institut-saar.de\/index.php?rest_route=\/wp\/v2\/users\/1"}],"replies":[{"embeddable":true,"href":"https:\/\/schoenaker-institut-saar.de\/index.php?rest_route=%2Fwp%2Fv2%2Fcomments&post=33"}],"version-history":[{"count":8,"href":"https:\/\/schoenaker-institut-saar.de\/index.php?rest_route=\/wp\/v2\/pages\/33\/revisions"}],"predecessor-version":[{"id":96,"href":"https:\/\/schoenaker-institut-saar.de\/index.php?rest_route=\/wp\/v2\/pages\/33\/revisions\/96"}],"wp:attachment":[{"href":"https:\/\/schoenaker-institut-saar.de\/index.php?rest_route=%2Fwp%2Fv2%2Fmedia&parent=33"}],"curies":[{"name":"wp","href":"https:\/\/api.w.org\/{rel}","templated":true}]}}