{"id":46,"date":"2016-02-09T16:27:22","date_gmt":"2016-02-09T16:27:22","guid":{"rendered":"http:\/\/schoenaker-institut-saar.de\/?page_id=46"},"modified":"2016-02-09T16:57:08","modified_gmt":"2016-02-09T16:57:08","slug":"mut-tut-gut","status":"publish","type":"page","link":"https:\/\/schoenaker-institut-saar.de\/?page_id=46","title":{"rendered":"Mut tut gut"},"content":{"rendered":"<h3><strong><em><i><span style=\"color: #336699; font-family: Courier New,Courier,Monaco;\">Encouraging-Training<\/span><\/i><\/em><\/strong><\/h3>\n<p>Basis- und Aufbautraining<\/p>\n<p>(Schoenaker Konzept\u00ae)<\/p>\n<p>Ermutigung ist ein komplexer Vorgang, der dahin f\u00fchrt, dass der Mensch an sich und seine M\u00f6glichkeiten glaubt!<\/p>\n<p>Der Begriff &#8222;Encouraging&#8220; steht f\u00fcr ein psychologisches Konzept zur optimistischen Lebensgestaltung dessen wichtigster Tr\u00e4ger die Ermutigung ist.<\/p>\n<p>Es bietet mehr Selbstvertrauen, Sicherheit und Zufriedenheit in den Aufgaben des t\u00e4glichen Lebens. In dem Training geht es darum, pers\u00f6nliche St\u00e4rken und Qualit\u00e4ten zu erkennen und zu f\u00f6rdern, die inneren Kr\u00e4fte zu mobilisieren und den Umgang mit sich selbst und anderen optimistischer zu gestalten. Information und praktische \u00dcbungen wechseln ab mit Gespr\u00e4chsrunden und Entspannungselementen. Das Trainings-Programm hilft, eine konstruktive Lebenseinstellung zu bekommen und sich pers\u00f6nlich weiter zu entwickeln.<\/p>\n<p><strong>Inhalte<\/strong><\/p>\n<p style=\"padding-left: 30px;\"><img loading=\"lazy\" decoding=\"async\" class=\"alignnone size-full wp-image-34\" src=\"https:\/\/schoenaker-institut-saar.de\/wp-content\/uploads\/2016\/02\/punktblau.jpg\" alt=\"punktblau\" width=\"28\" height=\"19\" \/> Aufbau und Stabilisieren des Selbstwertes<br \/>\n<img loading=\"lazy\" decoding=\"async\" class=\"alignnone size-full wp-image-34\" src=\"https:\/\/schoenaker-institut-saar.de\/wp-content\/uploads\/2016\/02\/punktblau.jpg\" alt=\"punktblau\" width=\"28\" height=\"19\" \/> Denken in Zuneigung<br \/>\n<img loading=\"lazy\" decoding=\"async\" class=\"alignnone size-full wp-image-34\" src=\"https:\/\/schoenaker-institut-saar.de\/wp-content\/uploads\/2016\/02\/punktblau.jpg\" alt=\"punktblau\" width=\"28\" height=\"19\" \/> Definieren von Zielen<br \/>\n<img loading=\"lazy\" decoding=\"async\" class=\"alignnone size-full wp-image-34\" src=\"https:\/\/schoenaker-institut-saar.de\/wp-content\/uploads\/2016\/02\/punktblau.jpg\" alt=\"punktblau\" width=\"28\" height=\"19\" \/> Umgang mit sich selbst<br \/>\n<img loading=\"lazy\" decoding=\"async\" class=\"alignnone size-full wp-image-34\" src=\"https:\/\/schoenaker-institut-saar.de\/wp-content\/uploads\/2016\/02\/punktblau.jpg\" alt=\"punktblau\" width=\"28\" height=\"19\" \/> \u00dcberwinden der eigenen Zweifel<br \/>\n<img loading=\"lazy\" decoding=\"async\" class=\"alignnone size-full wp-image-34\" src=\"https:\/\/schoenaker-institut-saar.de\/wp-content\/uploads\/2016\/02\/punktblau.jpg\" alt=\"punktblau\" width=\"28\" height=\"19\" \/> Konfliktl\u00f6sung<\/p>\n<p><strong><em>Das kann man lernen..<\/em><\/strong>.<\/p>\n<p>&#8230;in 10 Trainingseinheiten, die in Gruppen von ca. 10 Teil-nehmern, in w\u00f6chentlichen Abst\u00e4nden und in ermutigender Atmosph\u00e4re stattfinden. Die Dauer betr\u00e4gt ca. 2 1\/2 Stunden.<\/p>\n<p>&nbsp;<\/p>\n","protected":false},"excerpt":{"rendered":"<p>Encouraging-Training Basis- und Aufbautraining (Schoenaker Konzept\u00ae) Ermutigung ist ein komplexer Vorgang, der dahin f\u00fchrt, dass der Mensch an sich und seine M\u00f6glichkeiten glaubt! Der Begriff &#8222;Encouraging&#8220; steht f\u00fcr ein psychologisches Konzept zur optimistischen Lebensgestaltung dessen wichtigster Tr\u00e4ger die Ermutigung ist. Es bietet mehr Selbstvertrauen, Sicherheit und Zufriedenheit in den Aufgaben des t\u00e4glichen Lebens. In dem &hellip; <a href=\"https:\/\/schoenaker-institut-saar.de\/?page_id=46\" class=\"more-link\"><span class=\"screen-reader-text\">\u201eMut tut gut\u201c<\/span> weiterlesen<\/a><\/p>\n","protected":false},"author":1,"featured_media":0,"parent":25,"menu_order":0,"comment_status":"closed","ping_status":"closed","template":"","meta":{"footnotes":""},"_links":{"self":[{"href":"https:\/\/schoenaker-institut-saar.de\/index.php?rest_route=\/wp\/v2\/pages\/46"}],"collection":[{"href":"https:\/\/schoenaker-institut-saar.de\/index.php?rest_route=\/wp\/v2\/pages"}],"about":[{"href":"https:\/\/schoenaker-institut-saar.de\/index.php?rest_route=\/wp\/v2\/types\/page"}],"author":[{"embeddable":true,"href":"https:\/\/schoenaker-institut-saar.de\/index.php?rest_route=\/wp\/v2\/users\/1"}],"replies":[{"embeddable":true,"href":"https:\/\/schoenaker-institut-saar.de\/index.php?rest_route=%2Fwp%2Fv2%2Fcomments&post=46"}],"version-history":[{"count":5,"href":"https:\/\/schoenaker-institut-saar.de\/index.php?rest_route=\/wp\/v2\/pages\/46\/revisions"}],"predecessor-version":[{"id":73,"href":"https:\/\/schoenaker-institut-saar.de\/index.php?rest_route=\/wp\/v2\/pages\/46\/revisions\/73"}],"up":[{"embeddable":true,"href":"https:\/\/schoenaker-institut-saar.de\/index.php?rest_route=\/wp\/v2\/pages\/25"}],"wp:attachment":[{"href":"https:\/\/schoenaker-institut-saar.de\/index.php?rest_route=%2Fwp%2Fv2%2Fmedia&parent=46"}],"curies":[{"name":"wp","href":"https:\/\/api.w.org\/{rel}","templated":true}]}}