{"id":52,"date":"2016-02-09T16:35:11","date_gmt":"2016-02-09T16:35:11","guid":{"rendered":"http:\/\/schoenaker-institut-saar.de\/?page_id=52"},"modified":"2016-02-09T16:57:56","modified_gmt":"2016-02-09T16:57:56","slug":"partnerschaft","status":"publish","type":"page","link":"https:\/\/schoenaker-institut-saar.de\/?page_id=52","title":{"rendered":"Partnerschaft"},"content":{"rendered":"<h3><em>Encouraging-Training<\/em><\/h3>\n<h3>Lernen f\u00fcr die Partnerschaft<\/h3>\n<p>Das Zusammenleben als Paar kann die Quelle von Zufriedenheit und Kreativit\u00e4t sein.<\/p>\n<p>Jedes Paar kann lernen, so miteinander zu sprechen, dass am Ende ein gutes Gef\u00fchl \u00fcbrig bleibt. Auch kann jedes Paar die Wesensart des anderen besser kennen lernen, so dass der Umgang miteinander leichter wird. Lernen f\u00fcr die Partnerschaft macht man am besten zusammen als Paar, aber auch eine\/r von beiden kann viel zur Entwicklung beitragen, wenn der andere nicht teilnehmen kann, oder noch nicht soweit ist, dass er\/sie die Notwendigkeit der Teilnahme einsieht.<\/p>\n<p>Deshalb gibt es zwei Seminare:<\/p>\n<p style=\"padding-left: 30px;\">a) F\u00fcr Paare<\/p>\n<p style=\"padding-left: 30px;\">b) F\u00fcr \u201chalbe\u201d Paare<\/p>\n<p>&nbsp;<\/p>\n<p>\u00fcberdies gibt es ein Encouraging Training f\u00fcr Paare<\/p>\n<p>in 8 Einheiten zu 2 1\/2 Stunden<\/p>\n<p>Die Seminare orientieren sich nicht in erster Linie an Problemen, sondern an n\u00fctzlichen L\u00f6sungsm\u00f6glichkeiten.<\/p>\n<p>Es geht um das Lernen \u00fcber Bedingungen, die eine Partnerschaft m\u00f6glich machen.<\/p>\n<p><strong>Inhalte:<\/strong><\/p>\n<p style=\"padding-left: 30px;\"><img loading=\"lazy\" decoding=\"async\" class=\"alignnone size-full wp-image-34\" src=\"https:\/\/schoenaker-institut-saar.de\/wp-content\/uploads\/2016\/02\/punktblau.jpg\" alt=\"punktblau\" width=\"28\" height=\"19\" \/> Miteinander sprechen und zuh\u00f6ren<br \/>\n<img loading=\"lazy\" decoding=\"async\" class=\"alignnone size-full wp-image-34\" src=\"https:\/\/schoenaker-institut-saar.de\/wp-content\/uploads\/2016\/02\/punktblau.jpg\" alt=\"punktblau\" width=\"28\" height=\"19\" \/> Sich und einander besser kennen lernen<br \/>\n<img loading=\"lazy\" decoding=\"async\" class=\"alignnone size-full wp-image-34\" src=\"https:\/\/schoenaker-institut-saar.de\/wp-content\/uploads\/2016\/02\/punktblau.jpg\" alt=\"punktblau\" width=\"28\" height=\"19\" \/> Die Zuneigung<br \/>\n<img loading=\"lazy\" decoding=\"async\" class=\"alignnone size-full wp-image-34\" src=\"https:\/\/schoenaker-institut-saar.de\/wp-content\/uploads\/2016\/02\/punktblau.jpg\" alt=\"punktblau\" width=\"28\" height=\"19\" \/> Die Ermutigung<br \/>\n<img loading=\"lazy\" decoding=\"async\" class=\"alignnone size-full wp-image-34\" src=\"https:\/\/schoenaker-institut-saar.de\/wp-content\/uploads\/2016\/02\/punktblau.jpg\" alt=\"punktblau\" width=\"28\" height=\"19\" \/> Das Verzeihen<\/p>\n<p><strong><em>Danach geht alles leichter.<\/em><\/strong><\/p>\n<p>&nbsp;<\/p>\n","protected":false},"excerpt":{"rendered":"<p>Encouraging-Training Lernen f\u00fcr die Partnerschaft Das Zusammenleben als Paar kann die Quelle von Zufriedenheit und Kreativit\u00e4t sein. Jedes Paar kann lernen, so miteinander zu sprechen, dass am Ende ein gutes Gef\u00fchl \u00fcbrig bleibt. Auch kann jedes Paar die Wesensart des anderen besser kennen lernen, so dass der Umgang miteinander leichter wird. Lernen f\u00fcr die Partnerschaft &hellip; <a href=\"https:\/\/schoenaker-institut-saar.de\/?page_id=52\" class=\"more-link\"><span class=\"screen-reader-text\">\u201ePartnerschaft\u201c<\/span> weiterlesen<\/a><\/p>\n","protected":false},"author":1,"featured_media":0,"parent":25,"menu_order":1,"comment_status":"closed","ping_status":"closed","template":"","meta":{"footnotes":""},"_links":{"self":[{"href":"https:\/\/schoenaker-institut-saar.de\/index.php?rest_route=\/wp\/v2\/pages\/52"}],"collection":[{"href":"https:\/\/schoenaker-institut-saar.de\/index.php?rest_route=\/wp\/v2\/pages"}],"about":[{"href":"https:\/\/schoenaker-institut-saar.de\/index.php?rest_route=\/wp\/v2\/types\/page"}],"author":[{"embeddable":true,"href":"https:\/\/schoenaker-institut-saar.de\/index.php?rest_route=\/wp\/v2\/users\/1"}],"replies":[{"embeddable":true,"href":"https:\/\/schoenaker-institut-saar.de\/index.php?rest_route=%2Fwp%2Fv2%2Fcomments&post=52"}],"version-history":[{"count":1,"href":"https:\/\/schoenaker-institut-saar.de\/index.php?rest_route=\/wp\/v2\/pages\/52\/revisions"}],"predecessor-version":[{"id":54,"href":"https:\/\/schoenaker-institut-saar.de\/index.php?rest_route=\/wp\/v2\/pages\/52\/revisions\/54"}],"up":[{"embeddable":true,"href":"https:\/\/schoenaker-institut-saar.de\/index.php?rest_route=\/wp\/v2\/pages\/25"}],"wp:attachment":[{"href":"https:\/\/schoenaker-institut-saar.de\/index.php?rest_route=%2Fwp%2Fv2%2Fmedia&parent=52"}],"curies":[{"name":"wp","href":"https:\/\/api.w.org\/{rel}","templated":true}]}}