{"id":55,"date":"2016-02-09T16:37:59","date_gmt":"2016-02-09T16:37:59","guid":{"rendered":"http:\/\/schoenaker-institut-saar.de\/?page_id=55"},"modified":"2022-08-08T06:58:01","modified_gmt":"2022-08-08T06:58:01","slug":"eltern-paedagogen","status":"publish","type":"page","link":"https:\/\/schoenaker-institut-saar.de\/?page_id=55","title":{"rendered":"Eltern + P\u00e4dagogen"},"content":{"rendered":"<h3><em>Encouraging-Training f\u00fcr Eltern, Erzieher + P\u00e4dagogen<\/em><\/h3>\n<h3><em>&#8222;Mit Kindern in Frieden leben&#8220;<\/em><\/h3>\n<p>(Schoenaker\/Neuhaus\/Theis Konzept)<\/p>\n<h4>\u201cWir k\u00f6nnen ein Kind entmutigen, wenn wir nichts oder zuviel von ihm erwarten!\u201d (Rudolf Dreikurs)<\/h4>\n<p>Das Ermutigungstraining f\u00fcr Eltern sensibilisiert M\u00fctter und V\u00e4ter f\u00fcr die St\u00e4rken ihrer Kinder und festigt das Vertrauen in ihre F\u00e4higkeiten. Es zeigt M\u00f6glichkeiten auf, ermutigend mit Kindern umzugehen, ohne zu k\u00e4mpfen und ohne nachzugeben! Und es vermittelt den Mut, der n\u00f6tig ist, um sich als Mutter oder Vater gut (genug) zu f\u00fchlen und eine gefestigte Haltung zu finden. Eine Erziehung ohne Meckern, N\u00f6rgeln und Kritisieren, um ein konstruktives Miteinander und eine liebevolle und ermutigende, respektvolle Gemeinschaft von Eltern und Kind wachsen zu lassen.<\/p>\n<p>In der heutigen Zeit k\u00f6nnen Konflikte in der Familie nur auf der Basis von Gleichwertigkeit und gegenseitigem Respekt konstruktiv gel\u00f6st werden.<\/p>\n<h3>Inhalte:<\/h3>\n<p><img loading=\"lazy\" decoding=\"async\" class=\"alignnone size-full wp-image-34\" src=\"https:\/\/schoenaker-institut-saar.de\/wp-content\/uploads\/2016\/02\/punktblau.jpg\" alt=\"punktblau\" width=\"28\" height=\"19\" \/> Erziehung ohne: K\u00e4mpfen, Meckern, N\u00f6rgeln, Kritisieren<br \/>\n<img loading=\"lazy\" decoding=\"async\" class=\"alignnone size-full wp-image-34\" src=\"https:\/\/schoenaker-institut-saar.de\/wp-content\/uploads\/2016\/02\/punktblau.jpg\" alt=\"punktblau\" width=\"28\" height=\"19\" \/> Kinder sollen: mutige, gefestigte, auf Mitarbeit ausgerichtete Erwachsene werden<br \/>\n<img loading=\"lazy\" decoding=\"async\" class=\"alignnone size-full wp-image-34\" src=\"https:\/\/schoenaker-institut-saar.de\/wp-content\/uploads\/2016\/02\/punktblau.jpg\" alt=\"punktblau\" width=\"28\" height=\"19\" \/> Verantwortung tragen lernen, Ordnung halten, mit Geld umgehen k\u00f6nnen, durchhalten und sich ermutigen k\u00f6nnen<\/p>\n<p><strong>&#8211; das ist nicht zuviel f\u00fcr die Welt, in der sie leben werden und das kann man lernen&#8230;<\/strong><\/p>\n<p>&#8230;in 10 Trainingseinheiten, die in Gruppen von ca. 10 Teilnehmern, in w\u00f6chentlichen Abst\u00e4nden und in ermutigender Atmosph\u00e4re stattfinden.<\/p>\n<p>Die Dauer betr\u00e4gt ca. 2 1\/2 Stunden.<\/p>\n<p><strong>Literatur:<\/strong><\/p>\n<p>Die Kunst als Familie zu leben (T. u. J. Schoenaker Herder Verlag 3-451-04782-9)<\/p>\n<p>&nbsp;<\/p>\n","protected":false},"excerpt":{"rendered":"<p>Encouraging-Training f\u00fcr Eltern, Erzieher + P\u00e4dagogen &#8222;Mit Kindern in Frieden leben&#8220; (Schoenaker\/Neuhaus\/Theis Konzept) \u201cWir k\u00f6nnen ein Kind entmutigen, wenn wir nichts oder zuviel von ihm erwarten!\u201d (Rudolf Dreikurs) Das Ermutigungstraining f\u00fcr Eltern sensibilisiert M\u00fctter und V\u00e4ter f\u00fcr die St\u00e4rken ihrer Kinder und festigt das Vertrauen in ihre F\u00e4higkeiten. Es zeigt M\u00f6glichkeiten auf, ermutigend mit Kindern &hellip; <a href=\"https:\/\/schoenaker-institut-saar.de\/?page_id=55\" class=\"more-link\"><span class=\"screen-reader-text\">\u201eEltern + P\u00e4dagogen\u201c<\/span> weiterlesen<\/a><\/p>\n","protected":false},"author":1,"featured_media":0,"parent":25,"menu_order":2,"comment_status":"closed","ping_status":"closed","template":"","meta":{"footnotes":""},"_links":{"self":[{"href":"https:\/\/schoenaker-institut-saar.de\/index.php?rest_route=\/wp\/v2\/pages\/55"}],"collection":[{"href":"https:\/\/schoenaker-institut-saar.de\/index.php?rest_route=\/wp\/v2\/pages"}],"about":[{"href":"https:\/\/schoenaker-institut-saar.de\/index.php?rest_route=\/wp\/v2\/types\/page"}],"author":[{"embeddable":true,"href":"https:\/\/schoenaker-institut-saar.de\/index.php?rest_route=\/wp\/v2\/users\/1"}],"replies":[{"embeddable":true,"href":"https:\/\/schoenaker-institut-saar.de\/index.php?rest_route=%2Fwp%2Fv2%2Fcomments&post=55"}],"version-history":[{"count":5,"href":"https:\/\/schoenaker-institut-saar.de\/index.php?rest_route=\/wp\/v2\/pages\/55\/revisions"}],"predecessor-version":[{"id":272,"href":"https:\/\/schoenaker-institut-saar.de\/index.php?rest_route=\/wp\/v2\/pages\/55\/revisions\/272"}],"up":[{"embeddable":true,"href":"https:\/\/schoenaker-institut-saar.de\/index.php?rest_route=\/wp\/v2\/pages\/25"}],"wp:attachment":[{"href":"https:\/\/schoenaker-institut-saar.de\/index.php?rest_route=%2Fwp%2Fv2%2Fmedia&parent=55"}],"curies":[{"name":"wp","href":"https:\/\/api.w.org\/{rel}","templated":true}]}}