{"id":64,"date":"2016-02-09T16:46:32","date_gmt":"2016-02-09T16:46:32","guid":{"rendered":"http:\/\/schoenaker-institut-saar.de\/?page_id=64"},"modified":"2016-02-09T16:59:36","modified_gmt":"2016-02-09T16:59:36","slug":"seminare","status":"publish","type":"page","link":"https:\/\/schoenaker-institut-saar.de\/?page_id=64","title":{"rendered":"Seminare"},"content":{"rendered":"<h3><strong><em>Individualpsychologische Seminare<\/em><\/strong><\/h3>\n<p><strong>1 Tag oder auch 2 Tage<\/strong><\/p>\n<p>Diese Seminare bedeuten die logische und praktische Umsetzung der Individualpsychologie.<\/p>\n<p>Eine Arbeit, die vom Kopf zum Herzen geht.<\/p>\n<p>Wir leben in einer sehr hektischen Zeit, in der die Anforderungen von au\u00dfen und auch von uns selbst immer gr\u00f6\u00dfer werden. Kompetenz f\u00fcr sich selbst entwickeln und mit einem st\u00e4rkeren Gef\u00fchl der Sicherheit, dass man das Leben in jedem Moment zum Guten beeinflussen kann.<\/p>\n<p>Jedes Seminar bietet Antworten und L\u00f6sungsans\u00e4tze f\u00fcr jede Lebensaufgabe und bildet durch<\/p>\n<p style=\"padding-left: 30px;\"><img loading=\"lazy\" decoding=\"async\" class=\"alignnone size-full wp-image-34\" src=\"https:\/\/schoenaker-institut-saar.de\/wp-content\/uploads\/2016\/02\/punktblau.jpg\" alt=\"punktblau\" width=\"28\" height=\"19\" \/> Entspannungsmethoden<br \/>\n<img loading=\"lazy\" decoding=\"async\" class=\"alignnone size-full wp-image-34\" src=\"https:\/\/schoenaker-institut-saar.de\/wp-content\/uploads\/2016\/02\/punktblau.jpg\" alt=\"punktblau\" width=\"28\" height=\"19\" \/> Ermutigung<br \/>\n<img loading=\"lazy\" decoding=\"async\" class=\"alignnone size-full wp-image-34\" src=\"https:\/\/schoenaker-institut-saar.de\/wp-content\/uploads\/2016\/02\/punktblau.jpg\" alt=\"punktblau\" width=\"28\" height=\"19\" \/> Selbsterfahrung<br \/>\n<img loading=\"lazy\" decoding=\"async\" class=\"alignnone size-full wp-image-34\" src=\"https:\/\/schoenaker-institut-saar.de\/wp-content\/uploads\/2016\/02\/punktblau.jpg\" alt=\"punktblau\" width=\"28\" height=\"19\" \/> Selbsterkenntnis<br \/>\n<img loading=\"lazy\" decoding=\"async\" class=\"alignnone size-full wp-image-34\" src=\"https:\/\/schoenaker-institut-saar.de\/wp-content\/uploads\/2016\/02\/punktblau.jpg\" alt=\"punktblau\" width=\"28\" height=\"19\" \/> Gespr\u00e4che<br \/>\n<img loading=\"lazy\" decoding=\"async\" class=\"alignnone size-full wp-image-34\" src=\"https:\/\/schoenaker-institut-saar.de\/wp-content\/uploads\/2016\/02\/punktblau.jpg\" alt=\"punktblau\" width=\"28\" height=\"19\" \/> Non-verbale Methoden<br \/>\n<img loading=\"lazy\" decoding=\"async\" class=\"alignnone size-full wp-image-34\" src=\"https:\/\/schoenaker-institut-saar.de\/wp-content\/uploads\/2016\/02\/punktblau.jpg\" alt=\"punktblau\" width=\"28\" height=\"19\" \/> Neuorientierung<br \/>\n<img loading=\"lazy\" decoding=\"async\" class=\"alignnone size-full wp-image-34\" src=\"https:\/\/schoenaker-institut-saar.de\/wp-content\/uploads\/2016\/02\/punktblau.jpg\" alt=\"punktblau\" width=\"28\" height=\"19\" \/> Festigung<\/p>\n<p style=\"padding-left: 30px;\">ein Fundament f\u00fcr die praktische Umsetzung des Erlernten im t\u00e4glichen Leben.<\/p>\n<p><strong>Seminardauer:<\/strong> 10.00 &#8211; 17.00 h<\/p>\n<p><strong>Mitzubringen:<\/strong> Wolldecke, Kissen, dicke Socken<\/p>\n","protected":false},"excerpt":{"rendered":"<p>Individualpsychologische Seminare 1 Tag oder auch 2 Tage Diese Seminare bedeuten die logische und praktische Umsetzung der Individualpsychologie. Eine Arbeit, die vom Kopf zum Herzen geht. Wir leben in einer sehr hektischen Zeit, in der die Anforderungen von au\u00dfen und auch von uns selbst immer gr\u00f6\u00dfer werden. Kompetenz f\u00fcr sich selbst entwickeln und mit einem &hellip; <a href=\"https:\/\/schoenaker-institut-saar.de\/?page_id=64\" class=\"more-link\"><span class=\"screen-reader-text\">\u201eSeminare\u201c<\/span> weiterlesen<\/a><\/p>\n","protected":false},"author":1,"featured_media":0,"parent":25,"menu_order":5,"comment_status":"closed","ping_status":"closed","template":"","meta":{"footnotes":""},"_links":{"self":[{"href":"https:\/\/schoenaker-institut-saar.de\/index.php?rest_route=\/wp\/v2\/pages\/64"}],"collection":[{"href":"https:\/\/schoenaker-institut-saar.de\/index.php?rest_route=\/wp\/v2\/pages"}],"about":[{"href":"https:\/\/schoenaker-institut-saar.de\/index.php?rest_route=\/wp\/v2\/types\/page"}],"author":[{"embeddable":true,"href":"https:\/\/schoenaker-institut-saar.de\/index.php?rest_route=\/wp\/v2\/users\/1"}],"replies":[{"embeddable":true,"href":"https:\/\/schoenaker-institut-saar.de\/index.php?rest_route=%2Fwp%2Fv2%2Fcomments&post=64"}],"version-history":[{"count":1,"href":"https:\/\/schoenaker-institut-saar.de\/index.php?rest_route=\/wp\/v2\/pages\/64\/revisions"}],"predecessor-version":[{"id":66,"href":"https:\/\/schoenaker-institut-saar.de\/index.php?rest_route=\/wp\/v2\/pages\/64\/revisions\/66"}],"up":[{"embeddable":true,"href":"https:\/\/schoenaker-institut-saar.de\/index.php?rest_route=\/wp\/v2\/pages\/25"}],"wp:attachment":[{"href":"https:\/\/schoenaker-institut-saar.de\/index.php?rest_route=%2Fwp%2Fv2%2Fmedia&parent=64"}],"curies":[{"name":"wp","href":"https:\/\/api.w.org\/{rel}","templated":true}]}}