{"id":67,"date":"2016-02-09T16:50:08","date_gmt":"2016-02-09T16:50:08","guid":{"rendered":"http:\/\/schoenaker-institut-saar.de\/?page_id=67"},"modified":"2016-02-15T10:20:02","modified_gmt":"2016-02-15T10:20:02","slug":"therapie-und-beratung","status":"publish","type":"page","link":"https:\/\/schoenaker-institut-saar.de\/?page_id=67","title":{"rendered":"Therapie und Beratung"},"content":{"rendered":"<h3><em>Individualpsychologische Therapie und Beratung<\/em><\/h3>\n<h3>Ist das was f\u00fcr mich?<\/h3>\n<p><strong>Eine individualpsychologische Therapie oder Beratung kann Hilfe bieten im Bereich der f\u00fcnf Lebensaufgaben:<\/strong><\/p>\n<h4><img loading=\"lazy\" decoding=\"async\" class=\"alignnone size-full wp-image-26\" src=\"https:\/\/schoenaker-institut-saar.de\/wp-content\/uploads\/2016\/02\/punkt.jpg\" alt=\"punkt\" width=\"28\" height=\"27\" \/> Liebe<\/h4>\n<p style=\"padding-left: 30px;\">Hier k\u00f6nnen Fragen aus dem Bereich Ehe und Partnerschaft behandelt werden, aber auch Fragen der Kindererziehung und Beziehung zu Eltern und Schwiegereltern.<\/p>\n<h4><img loading=\"lazy\" decoding=\"async\" class=\"alignnone size-full wp-image-26\" src=\"https:\/\/schoenaker-institut-saar.de\/wp-content\/uploads\/2016\/02\/punkt.jpg\" alt=\"punkt\" width=\"28\" height=\"27\" \/> Arbeit:<\/h4>\n<p style=\"padding-left: 30px;\">Hier kann die Beratung helfen, Unklarheiten in der Bezie hung zu Vorgesetzten, Mitarbeitern und Kollegen, sowie in der Durchf\u00fchrung der Arbeitsaufgaben zu kl\u00e4ren.<\/p>\n<h4><img loading=\"lazy\" decoding=\"async\" class=\"alignnone size-full wp-image-26\" src=\"https:\/\/schoenaker-institut-saar.de\/wp-content\/uploads\/2016\/02\/punkt.jpg\" alt=\"punkt\" width=\"28\" height=\"27\" \/> Gemeinschaft:<\/h4>\n<p style=\"padding-left: 30px;\">Hierzu geh\u00f6ren die Fragen \u00fcber den Umgang mit Menschen generell und auch \u00fcber das Fehlen von Beziehungen<\/p>\n<h4><img loading=\"lazy\" decoding=\"async\" class=\"alignnone size-full wp-image-26\" src=\"https:\/\/schoenaker-institut-saar.de\/wp-content\/uploads\/2016\/02\/punkt.jpg\" alt=\"punkt\" width=\"28\" height=\"27\" \/> Der Umgang mit sich selbst:<\/h4>\n<p style=\"padding-left: 30px;\">Die Beratung hilft, Mut und Selbstvertrauen aufzubauen, sich selbst besser zu verstehen, anzunehmen und einen guten Umgang mit seinem K\u00f6rper zu pflegen.<\/p>\n<h4><img loading=\"lazy\" decoding=\"async\" class=\"alignnone size-full wp-image-26\" src=\"https:\/\/schoenaker-institut-saar.de\/wp-content\/uploads\/2016\/02\/punkt.jpg\" alt=\"punkt\" width=\"28\" height=\"27\" \/> Sinnfrage:<\/h4>\n<p style=\"padding-left: 30px;\">Hierzu geh\u00f6ren Fragen nach dem Sinn des Lebens.<\/p>\n<p>&nbsp;<\/p>\n<p>Gespr\u00e4chsdauer: nach Vereinbarung<\/p>\n<p>Zulassung: Privatkassen<\/p>\n","protected":false},"excerpt":{"rendered":"<p>Individualpsychologische Therapie und Beratung Ist das was f\u00fcr mich? Eine individualpsychologische Therapie oder Beratung kann Hilfe bieten im Bereich der f\u00fcnf Lebensaufgaben: Liebe Hier k\u00f6nnen Fragen aus dem Bereich Ehe und Partnerschaft behandelt werden, aber auch Fragen der Kindererziehung und Beziehung zu Eltern und Schwiegereltern. Arbeit: Hier kann die Beratung helfen, Unklarheiten in der Bezie &hellip; <a href=\"https:\/\/schoenaker-institut-saar.de\/?page_id=67\" class=\"more-link\"><span class=\"screen-reader-text\">\u201eTherapie und Beratung\u201c<\/span> weiterlesen<\/a><\/p>\n","protected":false},"author":1,"featured_media":0,"parent":25,"menu_order":6,"comment_status":"closed","ping_status":"closed","template":"","meta":{"footnotes":""},"_links":{"self":[{"href":"https:\/\/schoenaker-institut-saar.de\/index.php?rest_route=\/wp\/v2\/pages\/67"}],"collection":[{"href":"https:\/\/schoenaker-institut-saar.de\/index.php?rest_route=\/wp\/v2\/pages"}],"about":[{"href":"https:\/\/schoenaker-institut-saar.de\/index.php?rest_route=\/wp\/v2\/types\/page"}],"author":[{"embeddable":true,"href":"https:\/\/schoenaker-institut-saar.de\/index.php?rest_route=\/wp\/v2\/users\/1"}],"replies":[{"embeddable":true,"href":"https:\/\/schoenaker-institut-saar.de\/index.php?rest_route=%2Fwp%2Fv2%2Fcomments&post=67"}],"version-history":[{"count":2,"href":"https:\/\/schoenaker-institut-saar.de\/index.php?rest_route=\/wp\/v2\/pages\/67\/revisions"}],"predecessor-version":[{"id":89,"href":"https:\/\/schoenaker-institut-saar.de\/index.php?rest_route=\/wp\/v2\/pages\/67\/revisions\/89"}],"up":[{"embeddable":true,"href":"https:\/\/schoenaker-institut-saar.de\/index.php?rest_route=\/wp\/v2\/pages\/25"}],"wp:attachment":[{"href":"https:\/\/schoenaker-institut-saar.de\/index.php?rest_route=%2Fwp%2Fv2%2Fmedia&parent=67"}],"curies":[{"name":"wp","href":"https:\/\/api.w.org\/{rel}","templated":true}]}}