{"id":74,"date":"2016-02-09T17:04:08","date_gmt":"2016-02-09T17:04:08","guid":{"rendered":"http:\/\/schoenaker-institut-saar.de\/?page_id=74"},"modified":"2020-11-04T16:49:29","modified_gmt":"2020-11-04T16:49:29","slug":"impressum","status":"publish","type":"page","link":"https:\/\/schoenaker-institut-saar.de\/?page_id=74","title":{"rendered":"Impressum"},"content":{"rendered":"<p>Kornelia Neuhaus (Individualpsychologische Sozialtherapeutin *)<\/p>\n<p style=\"padding-left: 30px;\">Gymnasialstrasse 2<br \/>\n66557 Illingen<br \/>\nTelefon: 0 68 25\/45 82 7<br \/>\nTelefax: 0 68 25\/40 69 83<br \/>\nE-Mail: Neuhaus-Illingen @ t-online . de<br \/>\nInternet: www.schoenaker-institut-saar.de<\/p>\n<p>Inhaltlich Verantwortlicher gem\u00e4\u00df \u00a7 10 Absatz 3 MDStV:<\/p>\n<p>Kornelia Neuhaus (Anschrift wie oben) ****<\/p>\n<p>Haftungshinweis: Trotz sorgf\u00e4ltiger inhaltlicher Kontrolle \u00fcbernehmen wir keine Haftung f\u00fcr die Inhalte externer Links. F\u00fcr den Inhalt der verlinkten Seiten sind ausschlie\u00dflich deren Betreiber verantwortlich.<br \/>\nEine Haftung oder Garantie f\u00fcr die Aktualit\u00e4t, Richtigkeit und Vollst\u00e4ndigkeit der zur Verf\u00fcgung gestellten Informationen kann nicht \u00fcbernommen werden.<\/p>\n<p>Das Schoenaker-Institut-Saar beh\u00e4lt sich das Recht vor, \u00c4nderungen oder Erg\u00e4nzungen der bereitgestellten Informationen vorzunehmen.<\/p>\n<p>Inhalt und Struktur der Schoenaker-Institut-Saar Websites sind urheberrechtlich gesch\u00fctzt.<\/p>\n<p>Die Vervielf\u00e4ltigung von Informationen oder Daten, insbesondere die Verwendung<\/p>\n<p>von Texten, Textteilen oder Bildmaterial, bedarf der vorherigen Zustimmung von<br \/>\nSchoenaker-Institut-Saar<\/p>\n<p>&nbsp;<\/p>\n","protected":false},"excerpt":{"rendered":"<p>Kornelia Neuhaus (Individualpsychologische Sozialtherapeutin *) Gymnasialstrasse 2 66557 Illingen Telefon: 0 68 25\/45 82 7 Telefax: 0 68 25\/40 69 83 E-Mail: Neuhaus-Illingen @ t-online . de Internet: www.schoenaker-institut-saar.de Inhaltlich Verantwortlicher gem\u00e4\u00df \u00a7 10 Absatz 3 MDStV: Kornelia Neuhaus (Anschrift wie oben) **** Haftungshinweis: Trotz sorgf\u00e4ltiger inhaltlicher Kontrolle \u00fcbernehmen wir keine Haftung f\u00fcr die Inhalte &hellip; <a href=\"https:\/\/schoenaker-institut-saar.de\/?page_id=74\" class=\"more-link\"><span class=\"screen-reader-text\">\u201eImpressum\u201c<\/span> weiterlesen<\/a><\/p>\n","protected":false},"author":1,"featured_media":0,"parent":0,"menu_order":0,"comment_status":"closed","ping_status":"closed","template":"","meta":{"footnotes":""},"_links":{"self":[{"href":"https:\/\/schoenaker-institut-saar.de\/index.php?rest_route=\/wp\/v2\/pages\/74"}],"collection":[{"href":"https:\/\/schoenaker-institut-saar.de\/index.php?rest_route=\/wp\/v2\/pages"}],"about":[{"href":"https:\/\/schoenaker-institut-saar.de\/index.php?rest_route=\/wp\/v2\/types\/page"}],"author":[{"embeddable":true,"href":"https:\/\/schoenaker-institut-saar.de\/index.php?rest_route=\/wp\/v2\/users\/1"}],"replies":[{"embeddable":true,"href":"https:\/\/schoenaker-institut-saar.de\/index.php?rest_route=%2Fwp%2Fv2%2Fcomments&post=74"}],"version-history":[{"count":5,"href":"https:\/\/schoenaker-institut-saar.de\/index.php?rest_route=\/wp\/v2\/pages\/74\/revisions"}],"predecessor-version":[{"id":245,"href":"https:\/\/schoenaker-institut-saar.de\/index.php?rest_route=\/wp\/v2\/pages\/74\/revisions\/245"}],"wp:attachment":[{"href":"https:\/\/schoenaker-institut-saar.de\/index.php?rest_route=%2Fwp%2Fv2%2Fmedia&parent=74"}],"curies":[{"name":"wp","href":"https:\/\/api.w.org\/{rel}","templated":true}]}}