{"id":8,"date":"2020-02-09T12:59:29","date_gmt":"2020-02-09T12:59:29","guid":{"rendered":"http:\/\/schoenaker-institut-saar.de\/?page_id=8"},"modified":"2026-03-13T07:26:17","modified_gmt":"2026-03-13T07:26:17","slug":"veranstaltungen-2","status":"publish","type":"page","link":"https:\/\/schoenaker-institut-saar.de\/?page_id=8","title":{"rendered":"Veranstaltungen"},"content":{"rendered":"<p>&nbsp;<\/p>\n<p>Kornelia Neuhaus Gymnasialstra\u00dfe 2 66557 Illingen 06825\/45827<\/p>\n<p><a href=\"http:\/\/www.schoenaker-institut-saar.de\">www.schoenaker-institut-saar.de \u00a0 \u00a0 \u00a0<\/a>E-Mail: <a href=\"mailto:neuhaus-illingen@t-online.de\">neuhaus-illingen@t-online.de<\/a><\/p>\n<p>Dpl. Individualpsychologische Beraterin\/ Sozialtherapeutin<\/p>\n<p>Heilpraktiker f\u00fcr Psychotherapie \/ Synchronizing Coach<\/p>\n<p>Encouraging Master Trainerin<\/p>\n<p>Referentin f\u00fcr Qualit\u00e4tsentwicklung im saarl\u00e4ndischen<\/p>\n<p>Bildungsprogramm f\u00fcr Krippen und Kinderg\u00e4rten<\/p>\n<p>&nbsp;<\/p>\n<p><strong>\u00a0&#8222;Sie k\u00f6nnen Tatsachen nicht \u00e4ndern,<br \/>\n<\/strong><\/p>\n<p><strong>aber Sie k\u00f6nnen den Blick auf sie \u00e4ndern.&#8220;<\/strong><\/p>\n<p>(Prof. Dr. Alfred Adler, Begr\u00fcnder der Individualpsychologie)<\/p>\n<p>&nbsp;<\/p>\n<p>&nbsp;<\/p>\n<p><strong>Montag<\/strong><strong>, \u00a0 den 12. 10. 2026\u00a0 um 19.00 h<\/strong><\/p>\n<p>Encouraging \u2013\u00a0\u00a0 Training\u00a0\u00a0\u00a0\u00a0 <strong>Aufbautraining\u00a0 \u00a0\u201eMut tut gut<\/strong>\u201c<\/p>\n<p>Ein Pers\u00f6nlichkeitstraining das begehbare Wege aufzeigt zum<\/p>\n<p>selbstsicheren Handeln und zufriedenem Leben durch<\/p>\n<p>die F\u00e4higkeit der Ermutigung,<\/p>\n<p>10 x ca. 2 \u00a0 Std.\u00a0\u00a0\u00a0\u00a0 Geb\u00fchr: 180,&#8211; \u20ac<\/p>\n<p>&nbsp;<\/p>\n<p><strong>Donnerstag<\/strong><strong>, \u00a0 den 15. 10. 2026\u00a0 \u00a0um 19.00 h<br \/>\n<\/strong><\/p>\n<p>Encouraging \u2013\u00a0\u00a0 Training\u00a0\u00a0\u00a0\u00a0 <strong>\u201eMut tut gut f\u00fcr Eltern und Kinder<\/strong>\u201c<\/p>\n<p>Die Pers\u00f6nlichkeit des Kindes aufbauen, Konfliktsituationen gut l\u00f6sen lernen,<\/p>\n<p>gute Handhabung mit St\u00f6rverhalten, ein Ermutigungstraining,<\/p>\n<p>10 x ca. 2 \u00a0 Std.\u00a0\u00a0\u00a0\u00a0 Geb\u00fchr: 180,&#8211; \u20ac Paare 200,&#8211; \u20ac<\/p>\n<p>&nbsp;<\/p>\n<p>Illingen, den 13.03.2026<\/p>\n","protected":false},"excerpt":{"rendered":"<p>&nbsp; Kornelia Neuhaus Gymnasialstra\u00dfe 2 66557 Illingen 06825\/45827 www.schoenaker-institut-saar.de \u00a0 \u00a0 \u00a0E-Mail: neuhaus-illingen@t-online.de Dpl. Individualpsychologische Beraterin\/ Sozialtherapeutin Heilpraktiker f\u00fcr Psychotherapie \/ Synchronizing Coach Encouraging Master Trainerin Referentin f\u00fcr Qualit\u00e4tsentwicklung im saarl\u00e4ndischen Bildungsprogramm f\u00fcr Krippen und Kinderg\u00e4rten &nbsp; \u00a0&#8222;Sie k\u00f6nnen Tatsachen nicht \u00e4ndern, aber Sie k\u00f6nnen den Blick auf sie \u00e4ndern.&#8220; (Prof. Dr. Alfred Adler, Begr\u00fcnder &hellip; <a href=\"https:\/\/schoenaker-institut-saar.de\/?page_id=8\" class=\"more-link\"><span class=\"screen-reader-text\">\u201eVeranstaltungen\u201c<\/span> weiterlesen<\/a><\/p>\n","protected":false},"author":1,"featured_media":0,"parent":0,"menu_order":0,"comment_status":"closed","ping_status":"closed","template":"","meta":{"footnotes":""},"_links":{"self":[{"href":"https:\/\/schoenaker-institut-saar.de\/index.php?rest_route=\/wp\/v2\/pages\/8"}],"collection":[{"href":"https:\/\/schoenaker-institut-saar.de\/index.php?rest_route=\/wp\/v2\/pages"}],"about":[{"href":"https:\/\/schoenaker-institut-saar.de\/index.php?rest_route=\/wp\/v2\/types\/page"}],"author":[{"embeddable":true,"href":"https:\/\/schoenaker-institut-saar.de\/index.php?rest_route=\/wp\/v2\/users\/1"}],"replies":[{"embeddable":true,"href":"https:\/\/schoenaker-institut-saar.de\/index.php?rest_route=%2Fwp%2Fv2%2Fcomments&post=8"}],"version-history":[{"count":149,"href":"https:\/\/schoenaker-institut-saar.de\/index.php?rest_route=\/wp\/v2\/pages\/8\/revisions"}],"predecessor-version":[{"id":312,"href":"https:\/\/schoenaker-institut-saar.de\/index.php?rest_route=\/wp\/v2\/pages\/8\/revisions\/312"}],"wp:attachment":[{"href":"https:\/\/schoenaker-institut-saar.de\/index.php?rest_route=%2Fwp%2Fv2%2Fmedia&parent=8"}],"curies":[{"name":"wp","href":"https:\/\/api.w.org\/{rel}","templated":true}]}}